







{"id":22,"date":"2024-10-22T04:28:59","date_gmt":"2024-10-22T04:28:59","guid":{"rendered":"https:\/\/kangoexp.com\/?page_id=22"},"modified":"2024-10-22T04:28:59","modified_gmt":"2024-10-22T04:28:59","slug":"gioi-thieu","status":"publish","type":"page","link":"https:\/\/kangoexp.com\/th\/gioi-thieu\/","title":{"rendered":"Gi\u1edbi thi\u1ec7u"},"content":{"rendered":"<p>Kango Logistics &#8211; Chuy\u1ec3n ph\u00e1t nhanh qu\u1ed1c t\u1ebf. Ch\u00fang t\u00f4i cung c\u1ea5p d\u1ecbch v\u1ee5 g\u1eedi h\u00e0ng \u0111i M\u1ef9, \u00dac, Canada,&#8230; v\u00e0 h\u01a1n 200 qu\u1ed1c gia kh\u00e1c uy t\u00edn, nhanh ch\u00f3ng, an to\u00e0n v\u00e0 ti\u1ebft ki\u1ec7m.<\/p>","protected":false},"excerpt":{"rendered":"<p>Kango Logistics &#8211; Chuy\u1ec3n ph\u00e1t nhanh qu\u1ed1c t\u1ebf. Ch\u00fang t\u00f4i cung c\u1ea5p d\u1ecbch v\u1ee5 g\u1eedi h\u00e0ng \u0111i M\u1ef9, \u00dac, Canada,&#8230; v\u00e0 h\u01a1n 200 qu\u1ed1c gia kh\u00e1c uy t\u00edn, nhanh ch\u00f3ng, an to\u00e0n v\u00e0 ti\u1ebft ki\u1ec7m.<\/p>","protected":false},"author":1,"featured_media":0,"parent":0,"menu_order":0,"comment_status":"closed","ping_status":"closed","template":"","meta":{"_acf_changed":false,"footnotes":""},"class_list":["post-22","page","type-page","status-publish","hentry"],"acf":[],"_links":{"self":[{"href":"https:\/\/kangoexp.com\/th\/wp-json\/wp\/v2\/pages\/22","targetHints":{"allow":["GET"]}}],"collection":[{"href":"https:\/\/kangoexp.com\/th\/wp-json\/wp\/v2\/pages"}],"about":[{"href":"https:\/\/kangoexp.com\/th\/wp-json\/wp\/v2\/types\/page"}],"author":[{"embeddable":true,"href":"https:\/\/kangoexp.com\/th\/wp-json\/wp\/v2\/users\/1"}],"replies":[{"embeddable":true,"href":"https:\/\/kangoexp.com\/th\/wp-json\/wp\/v2\/comments?post=22"}],"version-history":[{"count":1,"href":"https:\/\/kangoexp.com\/th\/wp-json\/wp\/v2\/pages\/22\/revisions"}],"predecessor-version":[{"id":23,"href":"https:\/\/kangoexp.com\/th\/wp-json\/wp\/v2\/pages\/22\/revisions\/23"}],"wp:attachment":[{"href":"https:\/\/kangoexp.com\/th\/wp-json\/wp\/v2\/media?parent=22"}],"curies":[{"name":"wp","href":"https:\/\/api.w.org\/{rel}","templated":true}]}}