








{"id":31,"date":"2024-11-19T13:55:33","date_gmt":"2024-11-19T13:55:33","guid":{"rendered":"https:\/\/kangoexp.com\/?page_id=31"},"modified":"2025-05-14T08:53:01","modified_gmt":"2025-05-14T08:53:01","slug":"lien-he","status":"publish","type":"page","link":"https:\/\/kangoexp.com\/th\/lien-he\/","title":{"rendered":"Li\u00ean h\u1ec7"},"content":{"rendered":"<p><strong>Offices:<\/strong><\/p>\n\n\n\n<p><strong>HO CHI MINH<\/strong><\/p>\n\n\n\n<p>186 &#8211; 188 Nguy\u1ec5n V\u0103n C\u00f4ng, P. 3, Q. G\u00f2 V\u1ea5p, TP. HCM<\/p>\n\n\n\n<p><strong>HA NOI<\/strong><\/p>\n\n\n\n<p>02 LK3, K\u0110T S\u00f4ng \u0110\u00e0 7, P. Xu\u00e2n Ph\u01b0\u01a1ng, Q. Nam T\u1eed Li\u00eam, H\u00e0 N\u1ed9i<\/p>\n\n\n\n<p><strong>DA NANG<\/strong><\/p>\n\n\n\n<p>02 Nguy\u1ec5n Bi\u1ec3u, P. H\u00f2a Kh\u00ea, Q. Thanh Kh\u00ea, TP. \u0110\u00e0 N\u1eb5ng<\/p>\n\n\n\n<p><strong>USA Office<\/strong><\/p>\n\n\n\n<p>7576 Garden Frove Blvd Westminster, CA 92683<\/p>\n\n\n\n<p><strong>Contact<\/strong><\/p>\n\n\n\n<p>Tel: +84 1900 9475<br>Phone: +84 921 44 1111<br>Email:&nbsp;<a href=\"https:\/\/web.archive.org\/web\/20240416150414\/mailto:info@kangoexp.vn\" target=\"_blank\" rel=\"noreferrer noopener\">info@kangoexp.vn<\/a>&nbsp;\u2013&nbsp;<a href=\"https:\/\/web.archive.org\/web\/20240416150414\/mailto:sales@kangoexp.com\">sales@kangoexp.com<\/a><\/p>","protected":false},"excerpt":{"rendered":"<p>Offices: HO CHI MINH 186 &#8211; 188 Nguy\u1ec5n V\u0103n C\u00f4ng, P. 3, Q. G\u00f2 V\u1ea5p, TP. HCM HA NOI 02 LK3, K\u0110T S\u00f4ng \u0110\u00e0 7, P. Xu\u00e2n Ph\u01b0\u01a1ng, Q. Nam T\u1eed Li\u00eam, H\u00e0 N\u1ed9i DA NANG 02 Nguy\u1ec5n Bi\u1ec3u, P. H\u00f2a Kh\u00ea, Q. Thanh Kh\u00ea, TP. \u0110\u00e0 N\u1eb5ng USA Office 7576 Garden Frove Blvd Westminster, [&hellip;] <\/p>","protected":false},"author":1,"featured_media":0,"parent":0,"menu_order":0,"comment_status":"closed","ping_status":"closed","template":"","meta":{"_acf_changed":false,"footnotes":""},"class_list":["post-31","page","type-page","status-publish","hentry"],"acf":[],"_links":{"self":[{"href":"https:\/\/kangoexp.com\/th\/wp-json\/wp\/v2\/pages\/31","targetHints":{"allow":["GET"]}}],"collection":[{"href":"https:\/\/kangoexp.com\/th\/wp-json\/wp\/v2\/pages"}],"about":[{"href":"https:\/\/kangoexp.com\/th\/wp-json\/wp\/v2\/types\/page"}],"author":[{"embeddable":true,"href":"https:\/\/kangoexp.com\/th\/wp-json\/wp\/v2\/users\/1"}],"replies":[{"embeddable":true,"href":"https:\/\/kangoexp.com\/th\/wp-json\/wp\/v2\/comments?post=31"}],"version-history":[{"count":3,"href":"https:\/\/kangoexp.com\/th\/wp-json\/wp\/v2\/pages\/31\/revisions"}],"predecessor-version":[{"id":87,"href":"https:\/\/kangoexp.com\/th\/wp-json\/wp\/v2\/pages\/31\/revisions\/87"}],"wp:attachment":[{"href":"https:\/\/kangoexp.com\/th\/wp-json\/wp\/v2\/media?parent=31"}],"curies":[{"name":"wp","href":"https:\/\/api.w.org\/{rel}","templated":true}]}}