







{"id":38,"date":"2025-05-09T02:13:21","date_gmt":"2025-05-09T02:13:21","guid":{"rendered":"https:\/\/kangoexp.com\/?page_id=38"},"modified":"2025-05-09T02:19:04","modified_gmt":"2025-05-09T02:19:04","slug":"tin-tuc","status":"publish","type":"page","link":"https:\/\/kangoexp.com\/th\/tin-tuc\/","title":{"rendered":"Tin t\u1ee9c"},"content":{"rendered":"<div id=\"row-1455747466\" class=\"row large-columns-3 medium-columns- small-columns-1 has-shadow row-box-shadow-2 row-masonry\" data-packery-options='{\"itemSelector\": \".col\", \"gutter\": 0, \"presentageWidth\" : true}'>\n\n  <div class=\"col post-item\" >\n\t\t\t<div class=\"col-inner\">\n\t\t\t\t<div class=\"box box-text-bottom box-blog-post has-hover\">\n            \t\t\t\t\t<div class=\"box-image\" >\n  \t\t\t\t\t\t<div class=\"image-cover\" style=\"padding-top:180px;\">\n\t\t\t\t\t\t\t<a href=\"https:\/\/kangoexp.com\/th\/epacket-giai-phap-toi-uu-cho-don-hang-nhe-di-my-chi-co-tai-kango-logistic\/\" class=\"plain\" aria-label=\"EPACKET \u2013 GI\u1ea2I PH\u00c1P T\u1ed0I \u01afU CHO \u0110\u01a0N H\u00c0NG NH\u1eb8 \u0110I M\u1ef8, CH\u1ec8 C\u00d3 T\u1ea0I KANGO LOGISTIC\">\n\t\t\t\t\t\t\t\t<img loading=\"lazy\" decoding=\"async\" width=\"197\" height=\"165\" src=\"https:\/\/kangoexp.com\/wp-content\/uploads\/2025\/06\/Travel-1-197x165.png\" class=\"attachment-medium size-medium wp-post-image\" alt=\"\" srcset=\"https:\/\/kangoexp.com\/wp-content\/uploads\/2025\/06\/Travel-1-197x165.png 197w, https:\/\/kangoexp.com\/wp-content\/uploads\/2025\/06\/Travel-1-417x350.png 417w, https:\/\/kangoexp.com\/wp-content\/uploads\/2025\/06\/Travel-1-768x644.png 768w, https:\/\/kangoexp.com\/wp-content\/uploads\/2025\/06\/Travel-1-14x12.png 14w, https:\/\/kangoexp.com\/wp-content\/uploads\/2025\/06\/Travel-1-1600x1341.png 1600w, https:\/\/kangoexp.com\/wp-content\/uploads\/2025\/06\/Travel-1-119x100.png 119w\" sizes=\"auto, (max-width: 197px) 100vw, 197px\" \/>\t\t\t\t\t\t\t<\/a>\n  \t\t\t\t\t\t\t  \t\t\t\t\t\t\t  \t\t\t\t\t\t<\/div>\n  \t\t\t\t\t\t  \t\t\t\t\t<\/div>\n          \t\t\t\t\t<div class=\"box-text text-center\" >\n\t\t\t\t\t<div class=\"box-text-inner blog-post-inner\">\n\n\t\t\t\t\t\n\t\t\t\t\t\t\t\t\t\t<h5 class=\"post-title is-large\">\n\t\t\t\t\t\t<a href=\"https:\/\/kangoexp.com\/th\/epacket-giai-phap-toi-uu-cho-don-hang-nhe-di-my-chi-co-tai-kango-logistic\/\" class=\"plain\">EPACKET \u2013 GI\u1ea2I PH\u00c1P T\u1ed0I \u01afU CHO \u0110\u01a0N H\u00c0NG NH\u1eb8 \u0110I M\u1ef8, CH\u1ec8 C\u00d3 T\u1ea0I KANGO LOGISTIC<\/a>\n\t\t\t\t\t<\/h5>\n\t\t\t\t\t\t\t\t\t\t<div class=\"is-divider\"><\/div>\n\t\t\t\t\t\t\t\t\t\t<p class=\"from_the_blog_excerpt\">B\u1ea1n \u0111ang c\u1ea7n g\u1eedi m\u1ed9t \u0111\u01a1n h\u00e0ng nh\u1ecf \u0111i M\u1ef9? H\u00e0ng nh\u1eb9 d\u01b0\u1edbi 2kg, kh\u00f4ng [&hellip;] \t\t\t\t\t<\/p>\n\t\t\t\t\t                    \n\t\t\t\t\t\n\t\t\t\t\t\n\t\t\t\t\t<\/div>\n\t\t\t\t\t<\/div>\n\t\t\t\t\t\t\t\t\t\t\t\t\t\t\t\t<div class=\"badge absolute top post-date badge-outline\">\n\t\t\t\t\t\t\t<div class=\"badge-inner\">\n\t\t\t\t\t\t\t\t<span class=\"post-date-day\">23<\/span><br>\n\t\t\t\t\t\t\t\t<span class=\"post-date-month is-xsmall\">Jun<\/span>\n\t\t\t\t\t\t\t<\/div>\n\t\t\t\t\t\t<\/div>\n\t\t\t\t\t\t\t\t\t<\/div>\n\t\t\t<\/div>\n\t\t<\/div><div class=\"col post-item\" >\n\t\t\t<div class=\"col-inner\">\n\t\t\t\t<div class=\"box box-text-bottom box-blog-post has-hover\">\n            \t\t\t\t\t<div class=\"box-image\" >\n  \t\t\t\t\t\t<div class=\"image-cover\" style=\"padding-top:180px;\">\n\t\t\t\t\t\t\t<a href=\"https:\/\/kangoexp.com\/th\/kango-logistic-giai-phap-van-chuyen-quoc-te-toi-uu-cho-doanh-nghiep-va-ca-nhan\/\" class=\"plain\" aria-label=\"KANGO LOGISTIC \u2013 GI\u1ea2I PH\u00c1P V\u1eacN CHUY\u1ec2N QU\u1ed0C T\u1ebe T\u1ed0I \u01afU CHO DOANH NGHI\u1ec6P V\u00c0 C\u00c1 NH\u00c2N\">\n\t\t\t\t\t\t\t\t<img loading=\"lazy\" decoding=\"async\" width=\"197\" height=\"165\" src=\"https:\/\/kangoexp.com\/wp-content\/uploads\/2025\/06\/KANGO-LOGISTIC-\u2013-GIAI-PHAP-FWD-HANG-DAU-CHO-DOANH-NGHIEP-CA-NHAN-1-197x165.png\" class=\"attachment-medium size-medium wp-post-image\" alt=\"\" srcset=\"https:\/\/kangoexp.com\/wp-content\/uploads\/2025\/06\/KANGO-LOGISTIC-\u2013-GIAI-PHAP-FWD-HANG-DAU-CHO-DOANH-NGHIEP-CA-NHAN-1-197x165.png 197w, https:\/\/kangoexp.com\/wp-content\/uploads\/2025\/06\/KANGO-LOGISTIC-\u2013-GIAI-PHAP-FWD-HANG-DAU-CHO-DOANH-NGHIEP-CA-NHAN-1-417x350.png 417w, https:\/\/kangoexp.com\/wp-content\/uploads\/2025\/06\/KANGO-LOGISTIC-\u2013-GIAI-PHAP-FWD-HANG-DAU-CHO-DOANH-NGHIEP-CA-NHAN-1-768x644.png 768w, https:\/\/kangoexp.com\/wp-content\/uploads\/2025\/06\/KANGO-LOGISTIC-\u2013-GIAI-PHAP-FWD-HANG-DAU-CHO-DOANH-NGHIEP-CA-NHAN-1-14x12.png 14w, https:\/\/kangoexp.com\/wp-content\/uploads\/2025\/06\/KANGO-LOGISTIC-\u2013-GIAI-PHAP-FWD-HANG-DAU-CHO-DOANH-NGHIEP-CA-NHAN-1-1600x1341.png 1600w, https:\/\/kangoexp.com\/wp-content\/uploads\/2025\/06\/KANGO-LOGISTIC-\u2013-GIAI-PHAP-FWD-HANG-DAU-CHO-DOANH-NGHIEP-CA-NHAN-1-119x100.png 119w\" sizes=\"auto, (max-width: 197px) 100vw, 197px\" \/>\t\t\t\t\t\t\t<\/a>\n  \t\t\t\t\t\t\t  \t\t\t\t\t\t\t  \t\t\t\t\t\t<\/div>\n  \t\t\t\t\t\t  \t\t\t\t\t<\/div>\n          \t\t\t\t\t<div class=\"box-text text-center\" >\n\t\t\t\t\t<div class=\"box-text-inner blog-post-inner\">\n\n\t\t\t\t\t\n\t\t\t\t\t\t\t\t\t\t<h5 class=\"post-title is-large\">\n\t\t\t\t\t\t<a href=\"https:\/\/kangoexp.com\/th\/kango-logistic-giai-phap-van-chuyen-quoc-te-toi-uu-cho-doanh-nghiep-va-ca-nhan\/\" class=\"plain\">KANGO LOGISTIC \u2013 GI\u1ea2I PH\u00c1P V\u1eacN CHUY\u1ec2N QU\u1ed0C T\u1ebe T\u1ed0I \u01afU CHO DOANH NGHI\u1ec6P V\u00c0 C\u00c1 NH\u00c2N<\/a>\n\t\t\t\t\t<\/h5>\n\t\t\t\t\t\t\t\t\t\t<div class=\"is-divider\"><\/div>\n\t\t\t\t\t\t\t\t\t\t<p class=\"from_the_blog_excerpt\">Trong b\u1ed1i c\u1ea3nh th\u01b0\u01a1ng m\u1ea1i to\u00e0n c\u1ea7u ng\u00e0y c\u00e0ng ph\u00e1t tri\u1ec3n, nhu c\u1ea7u g\u1eedi h\u00e0ng [&hellip;] \t\t\t\t\t<\/p>\n\t\t\t\t\t                    \n\t\t\t\t\t\n\t\t\t\t\t\n\t\t\t\t\t<\/div>\n\t\t\t\t\t<\/div>\n\t\t\t\t\t\t\t\t\t\t\t\t\t\t\t\t<div class=\"badge absolute top post-date badge-outline\">\n\t\t\t\t\t\t\t<div class=\"badge-inner\">\n\t\t\t\t\t\t\t\t<span class=\"post-date-day\">23<\/span><br>\n\t\t\t\t\t\t\t\t<span class=\"post-date-month is-xsmall\">Jun<\/span>\n\t\t\t\t\t\t\t<\/div>\n\t\t\t\t\t\t<\/div>\n\t\t\t\t\t\t\t\t\t<\/div>\n\t\t\t<\/div>\n\t\t<\/div><div class=\"col post-item\" >\n\t\t\t<div class=\"col-inner\">\n\t\t\t\t<div class=\"box box-text-bottom box-blog-post has-hover\">\n            \t\t\t\t\t<div class=\"box-image\" >\n  \t\t\t\t\t\t<div class=\"image-cover\" style=\"padding-top:180px;\">\n\t\t\t\t\t\t\t<a href=\"https:\/\/kangoexp.com\/th\/gui-hang-nhe-di-my-canada-chau-au-de-dang-hon-bao-gio-het-voi-dich-vu-epacket-cua-kango-logistic\/\" class=\"plain\" aria-label=\"G\u1eecI H\u00c0NG NH\u1eb8 \u0110I M\u1ef8 \u2013 CANADA \u2013 CH\u00c2U \u00c2U D\u1ec4 D\u00c0NG H\u01a0N BAO GI\u1edc H\u1ebeT V\u1edaI D\u1ecaCH V\u1ee4 EPACKET C\u1ee6A KANGO LOGISTIC\">\n\t\t\t\t\t\t\t\t<img loading=\"lazy\" decoding=\"async\" width=\"197\" height=\"165\" src=\"https:\/\/kangoexp.com\/wp-content\/uploads\/2025\/06\/GUI-HANG-NHE-DI-MY-CANADA-CHAU-AU-\u2013-CHON-NGAY-ePACKET-CUNG-KANGO-1-197x165.png\" class=\"attachment-medium size-medium wp-post-image\" alt=\"\" srcset=\"https:\/\/kangoexp.com\/wp-content\/uploads\/2025\/06\/GUI-HANG-NHE-DI-MY-CANADA-CHAU-AU-\u2013-CHON-NGAY-ePACKET-CUNG-KANGO-1-197x165.png 197w, https:\/\/kangoexp.com\/wp-content\/uploads\/2025\/06\/GUI-HANG-NHE-DI-MY-CANADA-CHAU-AU-\u2013-CHON-NGAY-ePACKET-CUNG-KANGO-1-417x350.png 417w, https:\/\/kangoexp.com\/wp-content\/uploads\/2025\/06\/GUI-HANG-NHE-DI-MY-CANADA-CHAU-AU-\u2013-CHON-NGAY-ePACKET-CUNG-KANGO-1-768x644.png 768w, https:\/\/kangoexp.com\/wp-content\/uploads\/2025\/06\/GUI-HANG-NHE-DI-MY-CANADA-CHAU-AU-\u2013-CHON-NGAY-ePACKET-CUNG-KANGO-1-14x12.png 14w, https:\/\/kangoexp.com\/wp-content\/uploads\/2025\/06\/GUI-HANG-NHE-DI-MY-CANADA-CHAU-AU-\u2013-CHON-NGAY-ePACKET-CUNG-KANGO-1-1600x1341.png 1600w, https:\/\/kangoexp.com\/wp-content\/uploads\/2025\/06\/GUI-HANG-NHE-DI-MY-CANADA-CHAU-AU-\u2013-CHON-NGAY-ePACKET-CUNG-KANGO-1-119x100.png 119w\" sizes=\"auto, (max-width: 197px) 100vw, 197px\" \/>\t\t\t\t\t\t\t<\/a>\n  \t\t\t\t\t\t\t  \t\t\t\t\t\t\t  \t\t\t\t\t\t<\/div>\n  \t\t\t\t\t\t  \t\t\t\t\t<\/div>\n          \t\t\t\t\t<div class=\"box-text text-center\" >\n\t\t\t\t\t<div class=\"box-text-inner blog-post-inner\">\n\n\t\t\t\t\t\n\t\t\t\t\t\t\t\t\t\t<h5 class=\"post-title is-large\">\n\t\t\t\t\t\t<a href=\"https:\/\/kangoexp.com\/th\/gui-hang-nhe-di-my-canada-chau-au-de-dang-hon-bao-gio-het-voi-dich-vu-epacket-cua-kango-logistic\/\" class=\"plain\">G\u1eecI H\u00c0NG NH\u1eb8 \u0110I M\u1ef8 \u2013 CANADA \u2013 CH\u00c2U \u00c2U D\u1ec4 D\u00c0NG H\u01a0N BAO GI\u1edc H\u1ebeT V\u1edaI D\u1ecaCH V\u1ee4 EPACKET C\u1ee6A KANGO LOGISTIC<\/a>\n\t\t\t\t\t<\/h5>\n\t\t\t\t\t\t\t\t\t\t<div class=\"is-divider\"><\/div>\n\t\t\t\t\t\t\t\t\t\t<p class=\"from_the_blog_excerpt\">Khi nhu c\u1ea7u g\u1eedi h\u00e0ng h\u00f3a nh\u1ecf g\u1ecdn \u0111i qu\u1ed1c t\u1ebf ng\u00e0y c\u00e0ng t\u0103ng, \u0111\u1eb7c [&hellip;] \t\t\t\t\t<\/p>\n\t\t\t\t\t                    \n\t\t\t\t\t\n\t\t\t\t\t\n\t\t\t\t\t<\/div>\n\t\t\t\t\t<\/div>\n\t\t\t\t\t\t\t\t\t\t\t\t\t\t\t\t<div class=\"badge absolute top post-date badge-outline\">\n\t\t\t\t\t\t\t<div class=\"badge-inner\">\n\t\t\t\t\t\t\t\t<span class=\"post-date-day\">23<\/span><br>\n\t\t\t\t\t\t\t\t<span class=\"post-date-month is-xsmall\">Jun<\/span>\n\t\t\t\t\t\t\t<\/div>\n\t\t\t\t\t\t<\/div>\n\t\t\t\t\t\t\t\t\t<\/div>\n\t\t\t<\/div>\n\t\t<\/div><div class=\"col post-item\" >\n\t\t\t<div class=\"col-inner\">\n\t\t\t\t<div class=\"box box-text-bottom box-blog-post has-hover\">\n            \t\t\t\t\t<div class=\"box-image\" >\n  \t\t\t\t\t\t<div class=\"image-cover\" style=\"padding-top:180px;\">\n\t\t\t\t\t\t\t<a href=\"https:\/\/kangoexp.com\/th\/gui-hang-quoc-te-nhanh-gon-giai-phap-tin-cay-cung-kango-logistic\/\" class=\"plain\" aria-label=\"G\u1eecI H\u00c0NG QU\u1ed0C T\u1ebe NHANH G\u1eccN \u2013 GI\u1ea2I PH\u00c1P TIN C\u1eacY C\u00d9NG KANGO LOGISTIC\">\n\t\t\t\t\t\t\t\t<img loading=\"lazy\" decoding=\"async\" width=\"197\" height=\"165\" src=\"https:\/\/kangoexp.com\/wp-content\/uploads\/2025\/06\/lien-he-ngay-4-1-197x165.png\" class=\"attachment-medium size-medium wp-post-image\" alt=\"\" srcset=\"https:\/\/kangoexp.com\/wp-content\/uploads\/2025\/06\/lien-he-ngay-4-1-197x165.png 197w, https:\/\/kangoexp.com\/wp-content\/uploads\/2025\/06\/lien-he-ngay-4-1-417x350.png 417w, https:\/\/kangoexp.com\/wp-content\/uploads\/2025\/06\/lien-he-ngay-4-1-768x644.png 768w, https:\/\/kangoexp.com\/wp-content\/uploads\/2025\/06\/lien-he-ngay-4-1-14x12.png 14w, https:\/\/kangoexp.com\/wp-content\/uploads\/2025\/06\/lien-he-ngay-4-1-1600x1341.png 1600w, https:\/\/kangoexp.com\/wp-content\/uploads\/2025\/06\/lien-he-ngay-4-1-119x100.png 119w\" sizes=\"auto, (max-width: 197px) 100vw, 197px\" \/>\t\t\t\t\t\t\t<\/a>\n  \t\t\t\t\t\t\t  \t\t\t\t\t\t\t  \t\t\t\t\t\t<\/div>\n  \t\t\t\t\t\t  \t\t\t\t\t<\/div>\n          \t\t\t\t\t<div class=\"box-text text-center\" >\n\t\t\t\t\t<div class=\"box-text-inner blog-post-inner\">\n\n\t\t\t\t\t\n\t\t\t\t\t\t\t\t\t\t<h5 class=\"post-title is-large\">\n\t\t\t\t\t\t<a href=\"https:\/\/kangoexp.com\/th\/gui-hang-quoc-te-nhanh-gon-giai-phap-tin-cay-cung-kango-logistic\/\" class=\"plain\">G\u1eecI H\u00c0NG QU\u1ed0C T\u1ebe NHANH G\u1eccN \u2013 GI\u1ea2I PH\u00c1P TIN C\u1eacY C\u00d9NG KANGO LOGISTIC<\/a>\n\t\t\t\t\t<\/h5>\n\t\t\t\t\t\t\t\t\t\t<div class=\"is-divider\"><\/div>\n\t\t\t\t\t\t\t\t\t\t<p class=\"from_the_blog_excerpt\">Trong th\u1eddi \u0111\u1ea1i to\u00e0n c\u1ea7u h\u00f3a, nhu c\u1ea7u v\u1eadn chuy\u1ec3n h\u00e0ng h\u00f3a ra qu\u1ed1c t\u1ebf [&hellip;] \t\t\t\t\t<\/p>\n\t\t\t\t\t                    \n\t\t\t\t\t\n\t\t\t\t\t\n\t\t\t\t\t<\/div>\n\t\t\t\t\t<\/div>\n\t\t\t\t\t\t\t\t\t\t\t\t\t\t\t\t<div class=\"badge absolute top post-date badge-outline\">\n\t\t\t\t\t\t\t<div class=\"badge-inner\">\n\t\t\t\t\t\t\t\t<span class=\"post-date-day\">20<\/span><br>\n\t\t\t\t\t\t\t\t<span class=\"post-date-month is-xsmall\">Jun<\/span>\n\t\t\t\t\t\t\t<\/div>\n\t\t\t\t\t\t<\/div>\n\t\t\t\t\t\t\t\t\t<\/div>\n\t\t\t<\/div>\n\t\t<\/div><div class=\"col post-item\" >\n\t\t\t<div class=\"col-inner\">\n\t\t\t\t<div class=\"box box-text-bottom box-blog-post has-hover\">\n            \t\t\t\t\t<div class=\"box-image\" >\n  \t\t\t\t\t\t<div class=\"image-cover\" style=\"padding-top:180px;\">\n\t\t\t\t\t\t\t<a href=\"https:\/\/kangoexp.com\/th\/epacket-giai-phap-gui-hang-nhe-quoc-te-tiet-kiem-cung-kango-logistic\/\" class=\"plain\" aria-label=\"EPACKET \u2013 GI\u1ea2I PH\u00c1P G\u1eecI H\u00c0NG NH\u1eb8 QU\u1ed0C T\u1ebe TI\u1ebeT KI\u1ec6M C\u00d9NG KANGO LOGISTIC\">\n\t\t\t\t\t\t\t\t<img loading=\"lazy\" decoding=\"async\" width=\"1\" height=\"1\" src=\"https:\/\/kangoexp.com\/wp-content\/uploads\/2025\/06\/ePacket-\u2013-Gui-hang-nhe-phi-sieu-re-cung-Kango-Logistic.png\" class=\"attachment-medium size-medium wp-post-image\" alt=\"\" \/>\t\t\t\t\t\t\t<\/a>\n  \t\t\t\t\t\t\t  \t\t\t\t\t\t\t  \t\t\t\t\t\t<\/div>\n  \t\t\t\t\t\t  \t\t\t\t\t<\/div>\n          \t\t\t\t\t<div class=\"box-text text-center\" >\n\t\t\t\t\t<div class=\"box-text-inner blog-post-inner\">\n\n\t\t\t\t\t\n\t\t\t\t\t\t\t\t\t\t<h5 class=\"post-title is-large\">\n\t\t\t\t\t\t<a href=\"https:\/\/kangoexp.com\/th\/epacket-giai-phap-gui-hang-nhe-quoc-te-tiet-kiem-cung-kango-logistic\/\" class=\"plain\">EPACKET \u2013 GI\u1ea2I PH\u00c1P G\u1eecI H\u00c0NG NH\u1eb8 QU\u1ed0C T\u1ebe TI\u1ebeT KI\u1ec6M C\u00d9NG KANGO LOGISTIC<\/a>\n\t\t\t\t\t<\/h5>\n\t\t\t\t\t\t\t\t\t\t<div class=\"is-divider\"><\/div>\n\t\t\t\t\t\t\t\t\t\t<p class=\"from_the_blog_excerpt\">Trong th\u1eddi \u0111\u1ea1i th\u01b0\u01a1ng m\u1ea1i \u0111i\u1ec7n t\u1eed ph\u00e1t tri\u1ec3n m\u1ea1nh m\u1ebd, nhu c\u1ea7u g\u1eedi h\u00e0ng [&hellip;] \t\t\t\t\t<\/p>\n\t\t\t\t\t                    \n\t\t\t\t\t\n\t\t\t\t\t\n\t\t\t\t\t<\/div>\n\t\t\t\t\t<\/div>\n\t\t\t\t\t\t\t\t\t\t\t\t\t\t\t\t<div class=\"badge absolute top post-date badge-outline\">\n\t\t\t\t\t\t\t<div class=\"badge-inner\">\n\t\t\t\t\t\t\t\t<span class=\"post-date-day\">20<\/span><br>\n\t\t\t\t\t\t\t\t<span class=\"post-date-month is-xsmall\">Jun<\/span>\n\t\t\t\t\t\t\t<\/div>\n\t\t\t\t\t\t<\/div>\n\t\t\t\t\t\t\t\t\t<\/div>\n\t\t\t<\/div>\n\t\t<\/div><div class=\"col post-item\" >\n\t\t\t<div class=\"col-inner\">\n\t\t\t\t<div class=\"box box-text-bottom box-blog-post has-hover\">\n            \t\t\t\t\t<div class=\"box-image\" >\n  \t\t\t\t\t\t<div class=\"image-cover\" style=\"padding-top:180px;\">\n\t\t\t\t\t\t\t<a href=\"https:\/\/kangoexp.com\/th\/fwd-quoc-te-giai-phap-van-chuyen-toan-dien-cho-doanh-nghiep-xuat-khau\/\" class=\"plain\" aria-label=\"FWD QU\u1ed0C T\u1ebe \u2013 GI\u1ea2I PH\u00c1P V\u1eacN CHUY\u1ec2N TO\u00c0N DI\u1ec6N CHO DOANH NGHI\u1ec6P XU\u1ea4T KH\u1ea8U\">\n\t\t\t\t\t\t\t\t<img loading=\"lazy\" decoding=\"async\" width=\"197\" height=\"165\" src=\"https:\/\/kangoexp.com\/wp-content\/uploads\/2025\/06\/FWD-quoc-te-Gui-hang-so-luong-lon-chon-Kango-Logistics-197x165.png\" class=\"attachment-medium size-medium wp-post-image\" alt=\"\" srcset=\"https:\/\/kangoexp.com\/wp-content\/uploads\/2025\/06\/FWD-quoc-te-Gui-hang-so-luong-lon-chon-Kango-Logistics-197x165.png 197w, https:\/\/kangoexp.com\/wp-content\/uploads\/2025\/06\/FWD-quoc-te-Gui-hang-so-luong-lon-chon-Kango-Logistics-417x350.png 417w, https:\/\/kangoexp.com\/wp-content\/uploads\/2025\/06\/FWD-quoc-te-Gui-hang-so-luong-lon-chon-Kango-Logistics-768x644.png 768w, https:\/\/kangoexp.com\/wp-content\/uploads\/2025\/06\/FWD-quoc-te-Gui-hang-so-luong-lon-chon-Kango-Logistics-14x12.png 14w, https:\/\/kangoexp.com\/wp-content\/uploads\/2025\/06\/FWD-quoc-te-Gui-hang-so-luong-lon-chon-Kango-Logistics-1600x1341.png 1600w, https:\/\/kangoexp.com\/wp-content\/uploads\/2025\/06\/FWD-quoc-te-Gui-hang-so-luong-lon-chon-Kango-Logistics-119x100.png 119w\" sizes=\"auto, (max-width: 197px) 100vw, 197px\" \/>\t\t\t\t\t\t\t<\/a>\n  \t\t\t\t\t\t\t  \t\t\t\t\t\t\t  \t\t\t\t\t\t<\/div>\n  \t\t\t\t\t\t  \t\t\t\t\t<\/div>\n          \t\t\t\t\t<div class=\"box-text text-center\" >\n\t\t\t\t\t<div class=\"box-text-inner blog-post-inner\">\n\n\t\t\t\t\t\n\t\t\t\t\t\t\t\t\t\t<h5 class=\"post-title is-large\">\n\t\t\t\t\t\t<a href=\"https:\/\/kangoexp.com\/th\/fwd-quoc-te-giai-phap-van-chuyen-toan-dien-cho-doanh-nghiep-xuat-khau\/\" class=\"plain\">FWD QU\u1ed0C T\u1ebe \u2013 GI\u1ea2I PH\u00c1P V\u1eacN CHUY\u1ec2N TO\u00c0N DI\u1ec6N CHO DOANH NGHI\u1ec6P XU\u1ea4T KH\u1ea8U<\/a>\n\t\t\t\t\t<\/h5>\n\t\t\t\t\t\t\t\t\t\t<div class=\"is-divider\"><\/div>\n\t\t\t\t\t\t\t\t\t\t<p class=\"from_the_blog_excerpt\">Trong b\u1ed1i c\u1ea3nh to\u00e0n c\u1ea7u h\u00f3a ng\u00e0y c\u00e0ng ph\u00e1t tri\u1ec3n, vi\u1ec7c m\u1edf r\u1ed9ng th\u1ecb tr\u01b0\u1eddng [&hellip;] \t\t\t\t\t<\/p>\n\t\t\t\t\t                    \n\t\t\t\t\t\n\t\t\t\t\t\n\t\t\t\t\t<\/div>\n\t\t\t\t\t<\/div>\n\t\t\t\t\t\t\t\t\t\t\t\t\t\t\t\t<div class=\"badge absolute top post-date badge-outline\">\n\t\t\t\t\t\t\t<div class=\"badge-inner\">\n\t\t\t\t\t\t\t\t<span class=\"post-date-day\">20<\/span><br>\n\t\t\t\t\t\t\t\t<span class=\"post-date-month is-xsmall\">Jun<\/span>\n\t\t\t\t\t\t\t<\/div>\n\t\t\t\t\t\t<\/div>\n\t\t\t\t\t\t\t\t\t<\/div>\n\t\t\t<\/div>\n\t\t<\/div><div class=\"col post-item\" >\n\t\t\t<div class=\"col-inner\">\n\t\t\t\t<div class=\"box box-text-bottom box-blog-post has-hover\">\n            \t\t\t\t\t<div class=\"box-image\" >\n  \t\t\t\t\t\t<div class=\"image-cover\" style=\"padding-top:180px;\">\n\t\t\t\t\t\t\t<a href=\"https:\/\/kangoexp.com\/th\/giao-hang-quoc-te-khong-gioi-han-cung-kango-logistics\/\" class=\"plain\" aria-label=\"GIAO H\u00c0NG QU\u1ed0C T\u1ebe KH\u00d4NG GI\u1edaI H\u1ea0N \u2013 C\u00d9NG KANGO LOGISTICS\">\n\t\t\t\t\t\t\t\t<img loading=\"lazy\" decoding=\"async\" width=\"197\" height=\"165\" src=\"https:\/\/kangoexp.com\/wp-content\/uploads\/2025\/06\/Giao-hang-khong-gioi-han-11-197x165.jpg\" class=\"attachment-medium size-medium wp-post-image\" alt=\"\" srcset=\"https:\/\/kangoexp.com\/wp-content\/uploads\/2025\/06\/Giao-hang-khong-gioi-han-11-197x165.jpg 197w, https:\/\/kangoexp.com\/wp-content\/uploads\/2025\/06\/Giao-hang-khong-gioi-han-11-418x350.jpg 418w, https:\/\/kangoexp.com\/wp-content\/uploads\/2025\/06\/Giao-hang-khong-gioi-han-11-768x644.jpg 768w, https:\/\/kangoexp.com\/wp-content\/uploads\/2025\/06\/Giao-hang-khong-gioi-han-11-14x12.jpg 14w, https:\/\/kangoexp.com\/wp-content\/uploads\/2025\/06\/Giao-hang-khong-gioi-han-11-119x100.jpg 119w, https:\/\/kangoexp.com\/wp-content\/uploads\/2025\/06\/Giao-hang-khong-gioi-han-11.jpg 1469w\" sizes=\"auto, (max-width: 197px) 100vw, 197px\" \/>\t\t\t\t\t\t\t<\/a>\n  \t\t\t\t\t\t\t  \t\t\t\t\t\t\t  \t\t\t\t\t\t<\/div>\n  \t\t\t\t\t\t  \t\t\t\t\t<\/div>\n          \t\t\t\t\t<div class=\"box-text text-center\" >\n\t\t\t\t\t<div class=\"box-text-inner blog-post-inner\">\n\n\t\t\t\t\t\n\t\t\t\t\t\t\t\t\t\t<h5 class=\"post-title is-large\">\n\t\t\t\t\t\t<a href=\"https:\/\/kangoexp.com\/th\/giao-hang-quoc-te-khong-gioi-han-cung-kango-logistics\/\" class=\"plain\">GIAO H\u00c0NG QU\u1ed0C T\u1ebe KH\u00d4NG GI\u1edaI H\u1ea0N \u2013 C\u00d9NG KANGO LOGISTICS<\/a>\n\t\t\t\t\t<\/h5>\n\t\t\t\t\t\t\t\t\t\t<div class=\"is-divider\"><\/div>\n\t\t\t\t\t\t\t\t\t\t<p class=\"from_the_blog_excerpt\">Trong th\u1eddi \u0111\u1ea1i h\u1ed9i nh\u1eadp to\u00e0n c\u1ea7u, nhu c\u1ea7u g\u1eedi h\u00e0ng h\u00f3a t\u1eeb Vi\u1ec7t Nam [&hellip;] \t\t\t\t\t<\/p>\n\t\t\t\t\t                    \n\t\t\t\t\t\n\t\t\t\t\t\n\t\t\t\t\t<\/div>\n\t\t\t\t\t<\/div>\n\t\t\t\t\t\t\t\t\t\t\t\t\t\t\t\t<div class=\"badge absolute top post-date badge-outline\">\n\t\t\t\t\t\t\t<div class=\"badge-inner\">\n\t\t\t\t\t\t\t\t<span class=\"post-date-day\">16<\/span><br>\n\t\t\t\t\t\t\t\t<span class=\"post-date-month is-xsmall\">Jun<\/span>\n\t\t\t\t\t\t\t<\/div>\n\t\t\t\t\t\t<\/div>\n\t\t\t\t\t\t\t\t\t<\/div>\n\t\t\t<\/div>\n\t\t<\/div><div class=\"col post-item\" >\n\t\t\t<div class=\"col-inner\">\n\t\t\t\t<div class=\"box box-text-bottom box-blog-post has-hover\">\n            \t\t\t\t\t<div class=\"box-image\" >\n  \t\t\t\t\t\t<div class=\"image-cover\" style=\"padding-top:180px;\">\n\t\t\t\t\t\t\t<a href=\"https:\/\/kangoexp.com\/th\/dich-vu-gui-hang-viet-nam-my-qua-epacket-cung-kango-logistics\/\" class=\"plain\" aria-label=\"D\u1ecaCH V\u1ee4 G\u1eecI H\u00c0NG VI\u1ec6T NAM \u2013 M\u1ef8 QUA EPACKET C\u00d9NG KANGO LOGISTICS\">\n\t\t\t\t\t\t\t\t<img loading=\"lazy\" decoding=\"async\" width=\"206\" height=\"165\" src=\"https:\/\/kangoexp.com\/wp-content\/uploads\/2025\/06\/1112-206x165.jpg\" class=\"attachment-medium size-medium wp-post-image\" alt=\"\" srcset=\"https:\/\/kangoexp.com\/wp-content\/uploads\/2025\/06\/1112-206x165.jpg 206w, https:\/\/kangoexp.com\/wp-content\/uploads\/2025\/06\/1112-438x350.jpg 438w, https:\/\/kangoexp.com\/wp-content\/uploads\/2025\/06\/1112-768x614.jpg 768w, https:\/\/kangoexp.com\/wp-content\/uploads\/2025\/06\/1112-15x12.jpg 15w, https:\/\/kangoexp.com\/wp-content\/uploads\/2025\/06\/1112-125x100.jpg 125w, https:\/\/kangoexp.com\/wp-content\/uploads\/2025\/06\/1112.jpg 1593w\" sizes=\"auto, (max-width: 206px) 100vw, 206px\" \/>\t\t\t\t\t\t\t<\/a>\n  \t\t\t\t\t\t\t  \t\t\t\t\t\t\t  \t\t\t\t\t\t<\/div>\n  \t\t\t\t\t\t  \t\t\t\t\t<\/div>\n          \t\t\t\t\t<div class=\"box-text text-center\" >\n\t\t\t\t\t<div class=\"box-text-inner blog-post-inner\">\n\n\t\t\t\t\t\n\t\t\t\t\t\t\t\t\t\t<h5 class=\"post-title is-large\">\n\t\t\t\t\t\t<a href=\"https:\/\/kangoexp.com\/th\/dich-vu-gui-hang-viet-nam-my-qua-epacket-cung-kango-logistics\/\" class=\"plain\">D\u1ecaCH V\u1ee4 G\u1eecI H\u00c0NG VI\u1ec6T NAM \u2013 M\u1ef8 QUA EPACKET C\u00d9NG KANGO LOGISTICS<\/a>\n\t\t\t\t\t<\/h5>\n\t\t\t\t\t\t\t\t\t\t<div class=\"is-divider\"><\/div>\n\t\t\t\t\t\t\t\t\t\t<p class=\"from_the_blog_excerpt\">Trong b\u1ed1i c\u1ea3nh giao th\u01b0\u01a1ng to\u00e0n c\u1ea7u ng\u00e0y c\u00e0ng ph\u00e1t tri\u1ec3n, vi\u1ec7c g\u1eedi h\u00e0ng t\u1eeb [&hellip;] \t\t\t\t\t<\/p>\n\t\t\t\t\t                    \n\t\t\t\t\t\n\t\t\t\t\t\n\t\t\t\t\t<\/div>\n\t\t\t\t\t<\/div>\n\t\t\t\t\t\t\t\t\t\t\t\t\t\t\t\t<div class=\"badge absolute top post-date badge-outline\">\n\t\t\t\t\t\t\t<div class=\"badge-inner\">\n\t\t\t\t\t\t\t\t<span class=\"post-date-day\">16<\/span><br>\n\t\t\t\t\t\t\t\t<span class=\"post-date-month is-xsmall\">Jun<\/span>\n\t\t\t\t\t\t\t<\/div>\n\t\t\t\t\t\t<\/div>\n\t\t\t\t\t\t\t\t\t<\/div>\n\t\t\t<\/div>\n\t\t<\/div><\/div>","protected":false},"excerpt":{"rendered":"","protected":false},"author":1,"featured_media":0,"parent":0,"menu_order":0,"comment_status":"closed","ping_status":"closed","template":"","meta":{"_acf_changed":false,"footnotes":""},"class_list":["post-38","page","type-page","status-publish","hentry"],"acf":[],"_links":{"self":[{"href":"https:\/\/kangoexp.com\/th\/wp-json\/wp\/v2\/pages\/38","targetHints":{"allow":["GET"]}}],"collection":[{"href":"https:\/\/kangoexp.com\/th\/wp-json\/wp\/v2\/pages"}],"about":[{"href":"https:\/\/kangoexp.com\/th\/wp-json\/wp\/v2\/types\/page"}],"author":[{"embeddable":true,"href":"https:\/\/kangoexp.com\/th\/wp-json\/wp\/v2\/users\/1"}],"replies":[{"embeddable":true,"href":"https:\/\/kangoexp.com\/th\/wp-json\/wp\/v2\/comments?post=38"}],"version-history":[{"count":3,"href":"https:\/\/kangoexp.com\/th\/wp-json\/wp\/v2\/pages\/38\/revisions"}],"predecessor-version":[{"id":42,"href":"https:\/\/kangoexp.com\/th\/wp-json\/wp\/v2\/pages\/38\/revisions\/42"}],"wp:attachment":[{"href":"https:\/\/kangoexp.com\/th\/wp-json\/wp\/v2\/media?parent=38"}],"curies":[{"name":"wp","href":"https:\/\/api.w.org\/{rel}","templated":true}]}}